{"id":55,"date":"2023-04-03T15:18:05","date_gmt":"2023-04-03T18:18:05","guid":{"rendered":"https:\/\/gsoftwares.com\/site\/?post_type=product&#038;p=55"},"modified":"2023-06-17T14:55:46","modified_gmt":"2023-06-17T17:55:46","slug":"conthot-controle-hoteleiro","status":"publish","type":"product","link":"https:\/\/gsoftwares.com\/site\/conthot-controle-hoteleiro\/","title":{"rendered":"ContHOT &#8211; Controle Hoteleiro"},"content":{"rendered":"<p>Programa para controle de hot\u00e9is, mot\u00e9is, pousadas, pens\u00f5es e similares com m\u00f3dulos para cadastro de empresa, categorias de hospedagens, apartamentos e produtos. Os c\u00e1lculos de hospedagens podem ser efetuados por di\u00e1rias, horas e\/ou minutos. Possui controle dos apartamentos livres e ocupados, controle de reservas, mapa de hospedagens, controle de acesso de usu\u00e1rios, produtos consumidos, liga\u00e7\u00f5es telef\u00f4nicas efetuadas, relat\u00f3rios edit\u00e1veis de apartamentos ocupados, movimenta\u00e7\u00e3o do dia, di\u00e1rio do hotel, categorias de hospedagens, apartamentos, produtos e h\u00f3spedes. Possui importa\u00e7\u00e3o e exporta\u00e7\u00e3o de dados entre programas e integra\u00e7\u00e3o com o Microsoft Office.<\/p>\n<p>Baixe e instale uma demonstra\u00e7\u00e3o gratuita usando o instalador dispon\u00edvel no link abaixo:<\/p>\n<p><a href=\"https:\/\/www.gsoftwares.com\/Progs\/OffHotel.exe\">https:\/\/www.gsoftwares.com\/Progs\/OffHotel.exe<\/a><\/p>\n","protected":false},"excerpt":{"rendered":"<p>Programa para controle de hot\u00e9is, mot\u00e9is, pousadas, pens\u00f5es e similares com m\u00f3dulos para cadastro de empresa, categorias de hospedagens, apartamentos e produtos. Os c\u00e1lculos de hospedagens podem ser efetuados por di\u00e1rias, horas e\/ou minutos. Possui controle dos apartamentos livres e ocupados, controle de reservas, mapa de hospedagens, controle de acesso de usu\u00e1rios, produtos consumidos, liga\u00e7\u00f5es [&hellip;]<\/p>\n","protected":false},"featured_media":123,"comment_status":"open","ping_status":"closed","template":"","meta":[],"product_brand":[],"product_cat":[18],"product_tag":[],"class_list":{"0":"post-55","1":"product","2":"type-product","3":"status-publish","4":"has-post-thumbnail","6":"product_cat-negocios","7":"product_shipping_class-deposito-local","9":"first","10":"instock","11":"shipping-taxable","12":"purchasable","13":"product-type-simple"},"_links":{"self":[{"href":"https:\/\/gsoftwares.com\/site\/wp-json\/wp\/v2\/product\/55","targetHints":{"allow":["GET"]}}],"collection":[{"href":"https:\/\/gsoftwares.com\/site\/wp-json\/wp\/v2\/product"}],"about":[{"href":"https:\/\/gsoftwares.com\/site\/wp-json\/wp\/v2\/types\/product"}],"replies":[{"embeddable":true,"href":"https:\/\/gsoftwares.com\/site\/wp-json\/wp\/v2\/comments?post=55"}],"wp:featuredmedia":[{"embeddable":true,"href":"https:\/\/gsoftwares.com\/site\/wp-json\/wp\/v2\/media\/123"}],"wp:attachment":[{"href":"https:\/\/gsoftwares.com\/site\/wp-json\/wp\/v2\/media?parent=55"}],"wp:term":[{"taxonomy":"product_brand","embeddable":true,"href":"https:\/\/gsoftwares.com\/site\/wp-json\/wp\/v2\/product_brand?post=55"},{"taxonomy":"product_cat","embeddable":true,"href":"https:\/\/gsoftwares.com\/site\/wp-json\/wp\/v2\/product_cat?post=55"},{"taxonomy":"product_tag","embeddable":true,"href":"https:\/\/gsoftwares.com\/site\/wp-json\/wp\/v2\/product_tag?post=55"}],"curies":[{"name":"wp","href":"https:\/\/api.w.org\/{rel}","templated":true}]}}