{"id":47,"date":"2023-04-03T11:12:03","date_gmt":"2023-04-03T14:12:03","guid":{"rendered":"https:\/\/gsoftwares.com\/site\/?post_type=product&#038;p=47"},"modified":"2023-06-17T14:52:21","modified_gmt":"2023-06-17T17:52:21","slug":"contclin-controle-para-clinica-modulo-pagamentos-por-1-ano","status":"publish","type":"product","link":"https:\/\/gsoftwares.com\/site\/contclin-controle-para-clinica-modulo-pagamentos-por-1-ano\/","title":{"rendered":"ContCLIN &#8211; Controle Para Cl\u00ednica + M\u00f3dulo Pagamentos por 1 Ano"},"content":{"rendered":"<p>Este programa auxilia na administra\u00e7\u00e3o de cl\u00ednicas e consult\u00f3rios, agenda consultas, exames, sess\u00f5es, cadastra clientes, possui relat\u00f3rios e prontu\u00e1rios, cadastra profissionais e seus hor\u00e1rios de atendimento e tem acesso restrito por um controle de usu\u00e1rios.<\/p>\n<p>Tamb\u00e9m possui exporta\u00e7\u00e3o de tabelas e relat\u00f3rios para v\u00e1rios formatos de arquivos compat\u00edveis com programas de escrit\u00f3rio como o Microsoft Office e similares.<\/p>\n<p>Esta op\u00e7\u00e3o de compra inclui o m\u00f3dulo para controlar os pagamentos dos clientes durante o per\u00edodo de 1 ano.<\/p>\n<p>Baixe e instale uma demonstra\u00e7\u00e3o gratuita usando o instalador dispon\u00edvel no link abaixo:<\/p>\n<p><a href=\"https:\/\/www.gsoftwares.com\/Progs\/OffClinica.exe\">https:\/\/www.gsoftwares.com\/Progs\/OffClinica.exe<\/a><\/p>\n","protected":false},"excerpt":{"rendered":"<p>Este programa auxilia na administra\u00e7\u00e3o de cl\u00ednicas e consult\u00f3rios, agenda consultas, exames, sess\u00f5es, cadastra clientes, possui relat\u00f3rios e prontu\u00e1rios, cadastra profissionais e seus hor\u00e1rios de atendimento e tem acesso restrito por um controle de usu\u00e1rios. Tamb\u00e9m possui exporta\u00e7\u00e3o de tabelas e relat\u00f3rios para v\u00e1rios formatos de arquivos compat\u00edveis com programas de escrit\u00f3rio como o Microsoft [&hellip;]<\/p>\n","protected":false},"featured_media":141,"comment_status":"open","ping_status":"closed","template":"","meta":[],"product_brand":[],"product_cat":[18],"product_tag":[],"class_list":{"0":"post-47","1":"product","2":"type-product","3":"status-publish","4":"has-post-thumbnail","6":"product_cat-negocios","7":"product_shipping_class-deposito-local","9":"first","10":"instock","11":"downloadable","12":"shipping-taxable","13":"purchasable","14":"product-type-simple"},"_links":{"self":[{"href":"https:\/\/gsoftwares.com\/site\/wp-json\/wp\/v2\/product\/47","targetHints":{"allow":["GET"]}}],"collection":[{"href":"https:\/\/gsoftwares.com\/site\/wp-json\/wp\/v2\/product"}],"about":[{"href":"https:\/\/gsoftwares.com\/site\/wp-json\/wp\/v2\/types\/product"}],"replies":[{"embeddable":true,"href":"https:\/\/gsoftwares.com\/site\/wp-json\/wp\/v2\/comments?post=47"}],"wp:featuredmedia":[{"embeddable":true,"href":"https:\/\/gsoftwares.com\/site\/wp-json\/wp\/v2\/media\/141"}],"wp:attachment":[{"href":"https:\/\/gsoftwares.com\/site\/wp-json\/wp\/v2\/media?parent=47"}],"wp:term":[{"taxonomy":"product_brand","embeddable":true,"href":"https:\/\/gsoftwares.com\/site\/wp-json\/wp\/v2\/product_brand?post=47"},{"taxonomy":"product_cat","embeddable":true,"href":"https:\/\/gsoftwares.com\/site\/wp-json\/wp\/v2\/product_cat?post=47"},{"taxonomy":"product_tag","embeddable":true,"href":"https:\/\/gsoftwares.com\/site\/wp-json\/wp\/v2\/product_tag?post=47"}],"curies":[{"name":"wp","href":"https:\/\/api.w.org\/{rel}","templated":true}]}}